{"id":558,"date":"2023-02-09T15:59:55","date_gmt":"2023-02-09T06:59:55","guid":{"rendered":"https:\/\/marunikiri.com\/?page_id=558"},"modified":"2025-02-21T23:31:26","modified_gmt":"2025-02-21T14:31:26","slug":"nos-services","status":"publish","type":"page","link":"https:\/\/marunikiri.com\/?page_id=558","title":{"rendered":"Nos services"},"content":{"rendered":"\n<h2 class=\"wp-block-heading\">Demandes de naturalisation<\/h2>\n\n\n\n<p>Souhaitez-vous acqu\u00e9rir la nationalit\u00e9 japonaise ? En tant qu'\u00e9tranger r\u00e9sidant au Japon, vous pouvez demander la naturalisation. Bien que certaines conditions doivent \u00eatre remplies, notre \u00e9quipe de professionnels est l\u00e0 pour vous aider \u00e0 r\u00e9aliser votre projet. Nous pr\u00e9parons des dossiers de demande de haute qualit\u00e9 pour optimiser vos chances de succ\u00e8s.<\/p>\n\n\n\n<h2 class=\"wp-block-heading\">Repr\u00e9sentation dans les litiges civils<\/h2>\n\n\n\n<p>Avez-vous subi un pr\u00e9judice d\u00fb \u00e0 la n\u00e9gligence d'autrui ? Que ce soit pour des accidents de la route, du travail ou des litiges financiers, nous pouvons vous repr\u00e9senter devant le tribunal sommaire pour des r\u00e9clamations jusqu'\u00e0 1,4 million de yens. Au-del\u00e0 de ce montant, nous vous assistons dans la pr\u00e9paration des documents n\u00e9cessaires.<\/p>\n\n\n\n<h2 class=\"wp-block-heading\">Pr\u00e9paration des documents judiciaires<\/h2>\n\n\n\n<h2 class=\"wp-block-heading\">Renonciation \u00e0 l'h\u00e9ritage<\/h2>\n\n\n\n<p>En cas de succession, vous h\u00e9ritez non seulement des biens mais aussi des dettes \u00e9ventuelles. Si vous souhaitez y renoncer, nous vous guidons dans la proc\u00e9dure de d\u00e9claration aupr\u00e8s du tribunal des affaires familiales, \u00e0 effectuer g\u00e9n\u00e9ralement dans les trois mois suivant le d\u00e9c\u00e8s.<\/p>\n\n\n\n<h2 class=\"wp-block-heading\">Proc\u00e9dures de faillite<\/h2>\n\n\n\n<p>Face \u00e0 des dettes importantes, plusieurs options de r\u00e8glement existent. Nos experts vous conseillent sur la meilleure proc\u00e9dure et s'occupent de toutes les d\u00e9marches aupr\u00e8s du tribunal.<\/p>\n\n\n\n<h2 class=\"wp-block-heading\">Enregistrement commercial<\/h2>\n\n\n\n<p>Pour la cr\u00e9ation d'entreprise, nous offrons un soutien juridique complet : constitution de soci\u00e9t\u00e9, r\u00e9daction des statuts, \u00e9mission d'actions, et gestion des changements de direction. Nous assistons \u00e9galement les soci\u00e9t\u00e9s \u00e9trang\u00e8res dans leurs d\u00e9marches d'implantation au Japon.<\/p>\n\n\n\n<h2 class=\"wp-block-heading\">Transactions immobili\u00e8res et litiges<\/h2>\n\n\n\n<p>Nous vous accompagnons dans l'achat de biens immobiliers, la r\u00e9daction de contrats (bail, vente) et la r\u00e9solution de litiges li\u00e9s au bornage ou \u00e0 la propri\u00e9t\u00e9.<\/p>\n\n\n\n<p>Pour tous ces services, contactez-nous au 03-6824-4801 ou \u00e0&nbsp;<a target=\"_blank\" rel=\"noreferrer noopener\" href=\"mailto:contact@marunikiri.com\">contact@marunikiri.com<\/a>. Nous intervenons en anglais et en fran\u00e7ais dans toute la r\u00e9gion du Kanto.<\/p>\n\n\n\n<p><\/p>\n","protected":false},"excerpt":{"rendered":"<p>Demandes de naturalisation Souhaitez-vous acqu\u00e9rir la nationalit\u00e9 japonaise ? En tant qu'\u00e9tranger r\u00e9sidant au  [&hellip;]<\/p>\n","protected":false},"author":1,"featured_media":791,"parent":0,"menu_order":0,"comment_status":"closed","ping_status":"closed","template":"","meta":{"vkexunit_cta_each_option":"","footnotes":""},"class_list":["post-558","page","type-page","status-publish","has-post-thumbnail","hentry"],"yoast_head":"<!-- This site is optimized with the Yoast SEO plugin v27.4 - https:\/\/yoast.com\/product\/yoast-seo-wordpress\/ -->\n<title>Nos services - \u53f8\u6cd5\u66f8\u58eb\u4e8b\u52d9\u6240\u30de\u30eb\u30cb\u30ad\u30ea<\/title>\n<meta name=\"robots\" content=\"index, follow, max-snippet:-1, max-image-preview:large, max-video-preview:-1\" \/>\n<link rel=\"canonical\" href=\"https:\/\/marunikiri.com\/?page_id=558\" \/>\n<meta property=\"og:locale\" content=\"ja_JP\" \/>\n<meta property=\"og:type\" content=\"article\" \/>\n<meta property=\"og:title\" content=\"Nos services - \u53f8\u6cd5\u66f8\u58eb\u4e8b\u52d9\u6240\u30de\u30eb\u30cb\u30ad\u30ea\" \/>\n<meta property=\"og:description\" content=\"Demandes de naturalisation Souhaitez-vous acqu\u00e9rir la nationalit\u00e9 japonaise ? En tant qu&#039;\u00e9tranger r\u00e9sidant au [&hellip;]\" \/>\n<meta property=\"og:url\" content=\"https:\/\/marunikiri.com\/?page_id=558\" \/>\n<meta property=\"og:site_name\" content=\"\u53f8\u6cd5\u66f8\u58eb\u4e8b\u52d9\u6240\u30de\u30eb\u30cb\u30ad\u30ea\" \/>\n<meta property=\"article:modified_time\" content=\"2025-02-21T14:31:26+00:00\" \/>\n<meta name=\"twitter:card\" content=\"summary_large_image\" \/>\n<meta name=\"twitter:label1\" content=\"\u63a8\u5b9a\u8aad\u307f\u53d6\u308a\u6642\u9593\" \/>\n\t<meta name=\"twitter:data1\" content=\"5\u5206\" \/>\n<script type=\"application\/ld+json\" class=\"yoast-schema-graph\">{\"@context\":\"https:\\\/\\\/schema.org\",\"@graph\":[{\"@type\":\"WebPage\",\"@id\":\"https:\\\/\\\/marunikiri.com\\\/?page_id=558\",\"url\":\"https:\\\/\\\/marunikiri.com\\\/?page_id=558\",\"name\":\"Nos services - \u53f8\u6cd5\u66f8\u58eb\u4e8b\u52d9\u6240\u30de\u30eb\u30cb\u30ad\u30ea\",\"isPartOf\":{\"@id\":\"https:\\\/\\\/marunikiri.com\\\/#website\"},\"primaryImageOfPage\":{\"@id\":\"https:\\\/\\\/marunikiri.com\\\/?page_id=558#primaryimage\"},\"image\":{\"@id\":\"https:\\\/\\\/marunikiri.com\\\/?page_id=558#primaryimage\"},\"thumbnailUrl\":\"https:\\\/\\\/i0.wp.com\\\/marunikiri.com\\\/wp-content\\\/uploads\\\/2023\\\/08\\\/IMG_0378-scaled.jpeg?fit=1920%2C2560&ssl=1\",\"datePublished\":\"2023-02-09T06:59:55+00:00\",\"dateModified\":\"2025-02-21T14:31:26+00:00\",\"breadcrumb\":{\"@id\":\"https:\\\/\\\/marunikiri.com\\\/?page_id=558#breadcrumb\"},\"inLanguage\":\"ja\",\"potentialAction\":[{\"@type\":\"ReadAction\",\"target\":[\"https:\\\/\\\/marunikiri.com\\\/?page_id=558\"]}]},{\"@type\":\"ImageObject\",\"inLanguage\":\"ja\",\"@id\":\"https:\\\/\\\/marunikiri.com\\\/?page_id=558#primaryimage\",\"url\":\"https:\\\/\\\/i0.wp.com\\\/marunikiri.com\\\/wp-content\\\/uploads\\\/2023\\\/08\\\/IMG_0378-scaled.jpeg?fit=1920%2C2560&ssl=1\",\"contentUrl\":\"https:\\\/\\\/i0.wp.com\\\/marunikiri.com\\\/wp-content\\\/uploads\\\/2023\\\/08\\\/IMG_0378-scaled.jpeg?fit=1920%2C2560&ssl=1\",\"width\":1920,\"height\":2560},{\"@type\":\"BreadcrumbList\",\"@id\":\"https:\\\/\\\/marunikiri.com\\\/?page_id=558#breadcrumb\",\"itemListElement\":[{\"@type\":\"ListItem\",\"position\":1,\"name\":\"\u30db\u30fc\u30e0\",\"item\":\"https:\\\/\\\/marunikiri.com\\\/\"},{\"@type\":\"ListItem\",\"position\":2,\"name\":\"Nos services\"}]},{\"@type\":\"WebSite\",\"@id\":\"https:\\\/\\\/marunikiri.com\\\/#website\",\"url\":\"https:\\\/\\\/marunikiri.com\\\/\",\"name\":\"\u53f8\u6cd5\u66f8\u58eb\u4e8b\u52d9\u6240\u30de\u30eb\u30cb\u30ad\u30ea\",\"description\":\"\u5343\u4ee3\u7530\u533a\u795e\u7530\u795e\u4fdd\u753a\u306e\u53f8\u6cd5\u66f8\u58eb\u4e8b\u52d9\u6240 \u6cd5\u30c6\u30e9\u30b9\u5bfe\u5fdc\",\"publisher\":{\"@id\":\"https:\\\/\\\/marunikiri.com\\\/#organization\"},\"potentialAction\":[{\"@type\":\"SearchAction\",\"target\":{\"@type\":\"EntryPoint\",\"urlTemplate\":\"https:\\\/\\\/marunikiri.com\\\/?s={search_term_string}\"},\"query-input\":{\"@type\":\"PropertyValueSpecification\",\"valueRequired\":true,\"valueName\":\"search_term_string\"}}],\"inLanguage\":\"ja\"},{\"@type\":\"Organization\",\"@id\":\"https:\\\/\\\/marunikiri.com\\\/#organization\",\"name\":\"\u53f8\u6cd5\u66f8\u58eb\u4e8b\u52d9\u6240\u30de\u30eb\u30cb\u30ad\u30ea\",\"url\":\"https:\\\/\\\/marunikiri.com\\\/\",\"logo\":{\"@type\":\"ImageObject\",\"inLanguage\":\"ja\",\"@id\":\"https:\\\/\\\/marunikiri.com\\\/#\\\/schema\\\/logo\\\/image\\\/\",\"url\":\"https:\\\/\\\/i0.wp.com\\\/marunikiri.com\\\/wp-content\\\/uploads\\\/2022\\\/12\\\/d2f382316e57ea090a71a737a3095040.png?fit=510%2C69&ssl=1\",\"contentUrl\":\"https:\\\/\\\/i0.wp.com\\\/marunikiri.com\\\/wp-content\\\/uploads\\\/2022\\\/12\\\/d2f382316e57ea090a71a737a3095040.png?fit=510%2C69&ssl=1\",\"width\":510,\"height\":69,\"caption\":\"\u53f8\u6cd5\u66f8\u58eb\u4e8b\u52d9\u6240\u30de\u30eb\u30cb\u30ad\u30ea\"},\"image\":{\"@id\":\"https:\\\/\\\/marunikiri.com\\\/#\\\/schema\\\/logo\\\/image\\\/\"}}]}<\/script>\n<!-- \/ Yoast SEO plugin. -->","yoast_head_json":{"title":"Nos services - \u53f8\u6cd5\u66f8\u58eb\u4e8b\u52d9\u6240\u30de\u30eb\u30cb\u30ad\u30ea","robots":{"index":"index","follow":"follow","max-snippet":"max-snippet:-1","max-image-preview":"max-image-preview:large","max-video-preview":"max-video-preview:-1"},"canonical":"https:\/\/marunikiri.com\/?page_id=558","og_locale":"ja_JP","og_type":"article","og_title":"Nos services - \u53f8\u6cd5\u66f8\u58eb\u4e8b\u52d9\u6240\u30de\u30eb\u30cb\u30ad\u30ea","og_description":"Demandes de naturalisation Souhaitez-vous acqu\u00e9rir la nationalit\u00e9 japonaise ? En tant qu'\u00e9tranger r\u00e9sidant au [&hellip;]","og_url":"https:\/\/marunikiri.com\/?page_id=558","og_site_name":"\u53f8\u6cd5\u66f8\u58eb\u4e8b\u52d9\u6240\u30de\u30eb\u30cb\u30ad\u30ea","article_modified_time":"2025-02-21T14:31:26+00:00","twitter_card":"summary_large_image","twitter_misc":{"\u63a8\u5b9a\u8aad\u307f\u53d6\u308a\u6642\u9593":"5\u5206"},"schema":{"@context":"https:\/\/schema.org","@graph":[{"@type":"WebPage","@id":"https:\/\/marunikiri.com\/?page_id=558","url":"https:\/\/marunikiri.com\/?page_id=558","name":"Nos services - \u53f8\u6cd5\u66f8\u58eb\u4e8b\u52d9\u6240\u30de\u30eb\u30cb\u30ad\u30ea","isPartOf":{"@id":"https:\/\/marunikiri.com\/#website"},"primaryImageOfPage":{"@id":"https:\/\/marunikiri.com\/?page_id=558#primaryimage"},"image":{"@id":"https:\/\/marunikiri.com\/?page_id=558#primaryimage"},"thumbnailUrl":"https:\/\/i0.wp.com\/marunikiri.com\/wp-content\/uploads\/2023\/08\/IMG_0378-scaled.jpeg?fit=1920%2C2560&ssl=1","datePublished":"2023-02-09T06:59:55+00:00","dateModified":"2025-02-21T14:31:26+00:00","breadcrumb":{"@id":"https:\/\/marunikiri.com\/?page_id=558#breadcrumb"},"inLanguage":"ja","potentialAction":[{"@type":"ReadAction","target":["https:\/\/marunikiri.com\/?page_id=558"]}]},{"@type":"ImageObject","inLanguage":"ja","@id":"https:\/\/marunikiri.com\/?page_id=558#primaryimage","url":"https:\/\/i0.wp.com\/marunikiri.com\/wp-content\/uploads\/2023\/08\/IMG_0378-scaled.jpeg?fit=1920%2C2560&ssl=1","contentUrl":"https:\/\/i0.wp.com\/marunikiri.com\/wp-content\/uploads\/2023\/08\/IMG_0378-scaled.jpeg?fit=1920%2C2560&ssl=1","width":1920,"height":2560},{"@type":"BreadcrumbList","@id":"https:\/\/marunikiri.com\/?page_id=558#breadcrumb","itemListElement":[{"@type":"ListItem","position":1,"name":"\u30db\u30fc\u30e0","item":"https:\/\/marunikiri.com\/"},{"@type":"ListItem","position":2,"name":"Nos services"}]},{"@type":"WebSite","@id":"https:\/\/marunikiri.com\/#website","url":"https:\/\/marunikiri.com\/","name":"\u53f8\u6cd5\u66f8\u58eb\u4e8b\u52d9\u6240\u30de\u30eb\u30cb\u30ad\u30ea","description":"\u5343\u4ee3\u7530\u533a\u795e\u7530\u795e\u4fdd\u753a\u306e\u53f8\u6cd5\u66f8\u58eb\u4e8b\u52d9\u6240 \u6cd5\u30c6\u30e9\u30b9\u5bfe\u5fdc","publisher":{"@id":"https:\/\/marunikiri.com\/#organization"},"potentialAction":[{"@type":"SearchAction","target":{"@type":"EntryPoint","urlTemplate":"https:\/\/marunikiri.com\/?s={search_term_string}"},"query-input":{"@type":"PropertyValueSpecification","valueRequired":true,"valueName":"search_term_string"}}],"inLanguage":"ja"},{"@type":"Organization","@id":"https:\/\/marunikiri.com\/#organization","name":"\u53f8\u6cd5\u66f8\u58eb\u4e8b\u52d9\u6240\u30de\u30eb\u30cb\u30ad\u30ea","url":"https:\/\/marunikiri.com\/","logo":{"@type":"ImageObject","inLanguage":"ja","@id":"https:\/\/marunikiri.com\/#\/schema\/logo\/image\/","url":"https:\/\/i0.wp.com\/marunikiri.com\/wp-content\/uploads\/2022\/12\/d2f382316e57ea090a71a737a3095040.png?fit=510%2C69&ssl=1","contentUrl":"https:\/\/i0.wp.com\/marunikiri.com\/wp-content\/uploads\/2022\/12\/d2f382316e57ea090a71a737a3095040.png?fit=510%2C69&ssl=1","width":510,"height":69,"caption":"\u53f8\u6cd5\u66f8\u58eb\u4e8b\u52d9\u6240\u30de\u30eb\u30cb\u30ad\u30ea"},"image":{"@id":"https:\/\/marunikiri.com\/#\/schema\/logo\/image\/"}}]}},"jetpack_sharing_enabled":true,"_links":{"self":[{"href":"https:\/\/marunikiri.com\/index.php?rest_route=\/wp\/v2\/pages\/558","targetHints":{"allow":["GET"]}}],"collection":[{"href":"https:\/\/marunikiri.com\/index.php?rest_route=\/wp\/v2\/pages"}],"about":[{"href":"https:\/\/marunikiri.com\/index.php?rest_route=\/wp\/v2\/types\/page"}],"author":[{"embeddable":true,"href":"https:\/\/marunikiri.com\/index.php?rest_route=\/wp\/v2\/users\/1"}],"replies":[{"embeddable":true,"href":"https:\/\/marunikiri.com\/index.php?rest_route=%2Fwp%2Fv2%2Fcomments&post=558"}],"version-history":[{"count":10,"href":"https:\/\/marunikiri.com\/index.php?rest_route=\/wp\/v2\/pages\/558\/revisions"}],"predecessor-version":[{"id":993,"href":"https:\/\/marunikiri.com\/index.php?rest_route=\/wp\/v2\/pages\/558\/revisions\/993"}],"wp:featuredmedia":[{"embeddable":true,"href":"https:\/\/marunikiri.com\/index.php?rest_route=\/wp\/v2\/media\/791"}],"wp:attachment":[{"href":"https:\/\/marunikiri.com\/index.php?rest_route=%2Fwp%2Fv2%2Fmedia&parent=558"}],"curies":[{"name":"wp","href":"https:\/\/api.w.org\/{rel}","templated":true}]}}